{"id":436,"date":"2020-12-11T15:38:55","date_gmt":"2020-12-11T14:38:55","guid":{"rendered":"http:\/\/legouy.fr\/?page_id=436"},"modified":"2020-12-11T15:39:51","modified_gmt":"2020-12-11T14:39:51","slug":"collection-desordres","status":"publish","type":"page","link":"https:\/\/legouy.fr\/?page_id=436","title":{"rendered":"Collection D\u00e9sordres"},"content":{"rendered":"\t\t<div data-elementor-type=\"wp-page\" data-elementor-id=\"436\" class=\"elementor elementor-436\" data-elementor-settings=\"[]\">\n\t\t\t\t\t\t<div class=\"elementor-inner\">\n\t\t\t\t\t\t\t<div class=\"elementor-section-wrap\">\n\t\t\t\t\t\t\t<section class=\"elementor-section elementor-top-section elementor-element elementor-element-7906c7d elementor-section-stretched elementor-section-boxed elementor-section-height-default elementor-section-height-default\" data-id=\"7906c7d\" data-element_type=\"section\" data-settings=\"{&quot;stretch_section&quot;:&quot;section-stretched&quot;}\">\n\t\t\t\t\t\t<div class=\"elementor-container elementor-column-gap-default\">\n\t\t\t\t\t\t\t<div class=\"elementor-row\">\n\t\t\t\t\t<div class=\"elementor-column elementor-col-33 elementor-top-column elementor-element elementor-element-2f2d98d4\" data-id=\"2f2d98d4\" data-element_type=\"column\">\n\t\t\t<div class=\"elementor-column-wrap elementor-element-populated\">\n\t\t\t\t\t\t\t<div class=\"elementor-widget-wrap\">\n\t\t\t\t\t\t<div class=\"elementor-element elementor-element-41d4ff26 elementor-widget elementor-widget-image-gallery\" data-id=\"41d4ff26\" data-element_type=\"widget\" data-widget_type=\"image-gallery.default\">\n\t\t\t\t<div class=\"elementor-widget-container\">\n\t\t\t\t\t<div class=\"elementor-image-gallery\">\n\t\t\t<div id='gallery-1' class='gallery galleryid-436 gallery-columns-2 gallery-size-thumbnail'><figure class='gallery-item'>\n\t\t\t<div class='gallery-icon portrait'>\n\t\t\t\t<a data-elementor-open-lightbox=\"yes\" data-elementor-lightbox-slideshow=\"41d4ff26\" data-elementor-lightbox-description=\"Atelier 004 - Encre, gouache, huile sur papier journal maroufl\u00e9 sur toile 65x92 cm\" href='https:\/\/legouy.fr\/wp-content\/uploads\/2020\/12\/desordres1.jpg'><img width=\"150\" height=\"150\" src=\"https:\/\/legouy.fr\/wp-content\/uploads\/2020\/12\/desordres1-150x150.jpg\" class=\"attachment-thumbnail size-thumbnail\" alt=\"\" loading=\"lazy\" style=\"width:100%;height:137.57%;max-width:1400px;\" \/><\/a>\n\t\t\t<\/div><\/figure><figure class='gallery-item'>\n\t\t\t<div class='gallery-icon portrait'>\n\t\t\t\t<a data-elementor-open-lightbox=\"yes\" data-elementor-lightbox-slideshow=\"41d4ff26\" data-elementor-lightbox-description=\"Atelier 001 - Encre, gouache sur papier journal maroufl\u00e9 sur bois 20x30,5 cm\" href='https:\/\/legouy.fr\/wp-content\/uploads\/2020\/12\/desordres2.jpg'><img width=\"150\" height=\"150\" src=\"https:\/\/legouy.fr\/wp-content\/uploads\/2020\/12\/desordres2-150x150.jpg\" class=\"attachment-thumbnail size-thumbnail\" alt=\"\" loading=\"lazy\" style=\"width:100%;height:157.5%;max-width:1400px;\" \/><\/a>\n\t\t\t<\/div><\/figure><figure class='gallery-item'>\n\t\t\t<div class='gallery-icon landscape'>\n\t\t\t\t<a data-elementor-open-lightbox=\"yes\" data-elementor-lightbox-slideshow=\"41d4ff26\" data-elementor-lightbox-description=\"Atelier 030 - Gouache, huile sur papier journal maroufl\u00e9 sur toile 64,5x46 cm\" href='https:\/\/legouy.fr\/wp-content\/uploads\/2020\/12\/desordres3.jpg'><img width=\"150\" height=\"150\" src=\"https:\/\/legouy.fr\/wp-content\/uploads\/2020\/12\/desordres3-150x150.jpg\" class=\"attachment-thumbnail size-thumbnail\" alt=\"\" loading=\"lazy\" style=\"width:100%;height:70.79%;max-width:1400px;\" \/><\/a>\n\t\t\t<\/div><\/figure><figure class='gallery-item'>\n\t\t\t<div class='gallery-icon portrait'>\n\t\t\t\t<a data-elementor-open-lightbox=\"yes\" data-elementor-lightbox-slideshow=\"41d4ff26\" data-elementor-lightbox-description=\"Atelier 009 - Encre, gouache, huile sur papier journal maroufl\u00e9 sur bois 47x62,5 cm\" href='https:\/\/legouy.fr\/wp-content\/uploads\/2020\/12\/desordres4.jpg'><img width=\"150\" height=\"150\" src=\"https:\/\/legouy.fr\/wp-content\/uploads\/2020\/12\/desordres4-150x150.jpg\" class=\"attachment-thumbnail size-thumbnail\" alt=\"\" loading=\"lazy\" style=\"width:100%;height:133.71%;max-width:1400px;\" \/><\/a>\n\t\t\t<\/div><\/figure><figure class='gallery-item'>\n\t\t\t<div class='gallery-icon landscape'>\n\t\t\t\t<a data-elementor-open-lightbox=\"yes\" data-elementor-lightbox-slideshow=\"41d4ff26\" data-elementor-lightbox-description=\"D\u00e9sordres \u00e0 la Femelle - Encre, gouache, huile sur papier journal maroufl\u00e9 sur bois\" href='https:\/\/legouy.fr\/wp-content\/uploads\/2020\/12\/desordres5.jpg'><img width=\"150\" height=\"150\" src=\"https:\/\/legouy.fr\/wp-content\/uploads\/2020\/12\/desordres5-150x150.jpg\" class=\"attachment-thumbnail size-thumbnail\" alt=\"\" loading=\"lazy\" style=\"width:100%;height:63.5%;max-width:1400px;\" \/><\/a>\n\t\t\t<\/div><\/figure><figure class='gallery-item'>\n\t\t\t<div class='gallery-icon landscape'>\n\t\t\t\t<a data-elementor-open-lightbox=\"yes\" data-elementor-lightbox-slideshow=\"41d4ff26\" data-elementor-lightbox-description=\"Assembl\u00e9e de bulbes - Encre, gouache, huile sur papier journal maroufl\u00e9 sur bois\" href='https:\/\/legouy.fr\/wp-content\/uploads\/2020\/12\/desordres6-scaled.jpg'><img width=\"150\" height=\"150\" src=\"https:\/\/legouy.fr\/wp-content\/uploads\/2020\/12\/desordres6-150x150.jpg\" class=\"attachment-thumbnail size-thumbnail\" alt=\"\" loading=\"lazy\" style=\"width:100%;height:69.06%;max-width:2560px;\" \/><\/a>\n\t\t\t<\/div><\/figure><figure class='gallery-item'>\n\t\t\t<div class='gallery-icon portrait'>\n\t\t\t\t<a data-elementor-open-lightbox=\"yes\" data-elementor-lightbox-slideshow=\"41d4ff26\" data-elementor-lightbox-description=\"D\u00e9sordres au Picvert - Encre, gouache, huile sur papier journal maroufl\u00e9 sur bois\" href='https:\/\/legouy.fr\/wp-content\/uploads\/2020\/12\/desordres7.jpg'><img width=\"150\" height=\"150\" src=\"https:\/\/legouy.fr\/wp-content\/uploads\/2020\/12\/desordres7-150x150.jpg\" class=\"attachment-thumbnail size-thumbnail\" alt=\"\" loading=\"lazy\" style=\"width:100%;height:137.71%;max-width:1400px;\" \/><\/a>\n\t\t\t<\/div><\/figure>\n\t\t<\/div>\n\t\t<\/div>\n\t\t\t\t<\/div>\n\t\t\t\t<\/div>\n\t\t\t\t\t\t<\/div>\n\t\t\t\t\t<\/div>\n\t\t<\/div>\n\t\t\t\t<div class=\"elementor-column elementor-col-66 elementor-top-column elementor-element elementor-element-6fdc3266\" data-id=\"6fdc3266\" data-element_type=\"column\">\n\t\t\t<div class=\"elementor-column-wrap elementor-element-populated\">\n\t\t\t\t\t\t\t<div class=\"elementor-widget-wrap\">\n\t\t\t\t\t\t<div class=\"elementor-element elementor-element-14c2d9c6 elementor-widget elementor-widget-image\" data-id=\"14c2d9c6\" data-element_type=\"widget\" data-widget_type=\"image.default\">\n\t\t\t\t<div class=\"elementor-widget-container\">\n\t\t\t\t\t<div class=\"elementor-image\">\n\t\t\t\t\t\t\t\t\t\t<img width=\"744\" height=\"1024\" src=\"https:\/\/legouy.fr\/wp-content\/uploads\/2020\/12\/desordres1-744x1024.jpg\" class=\"attachment-large size-large\" alt=\"\" loading=\"lazy\" srcset=\"https:\/\/legouy.fr\/wp-content\/uploads\/2020\/12\/desordres1-744x1024.jpg 744w, https:\/\/legouy.fr\/wp-content\/uploads\/2020\/12\/desordres1-218x300.jpg 218w, https:\/\/legouy.fr\/wp-content\/uploads\/2020\/12\/desordres1-768x1057.jpg 768w, https:\/\/legouy.fr\/wp-content\/uploads\/2020\/12\/desordres1-1117x1536.jpg 1117w, https:\/\/legouy.fr\/wp-content\/uploads\/2020\/12\/desordres1.jpg 1400w\" sizes=\"(max-width: 744px) 100vw, 744px\" style=\"width:100%;height:137.57%;max-width:1400px;\" \/>\t\t\t\t\t\t\t\t\t\t\t<\/div>\n\t\t\t\t<\/div>\n\t\t\t\t<\/div>\n\t\t\t\t\t\t<\/div>\n\t\t\t\t\t<\/div>\n\t\t<\/div>\n\t\t\t\t\t\t\t\t<\/div>\n\t\t\t\t\t<\/div>\n\t\t<\/section>\n\t\t\t\t\t\t<\/div>\n\t\t\t\t\t\t<\/div>\n\t\t\t\t\t<\/div>\n\t\t","protected":false},"excerpt":{"rendered":"","protected":false},"author":1,"featured_media":0,"parent":0,"menu_order":0,"comment_status":"closed","ping_status":"closed","template":"","meta":[],"_links":{"self":[{"href":"https:\/\/legouy.fr\/index.php?rest_route=\/wp\/v2\/pages\/436"}],"collection":[{"href":"https:\/\/legouy.fr\/index.php?rest_route=\/wp\/v2\/pages"}],"about":[{"href":"https:\/\/legouy.fr\/index.php?rest_route=\/wp\/v2\/types\/page"}],"author":[{"embeddable":true,"href":"https:\/\/legouy.fr\/index.php?rest_route=\/wp\/v2\/users\/1"}],"replies":[{"embeddable":true,"href":"https:\/\/legouy.fr\/index.php?rest_route=%2Fwp%2Fv2%2Fcomments&post=436"}],"version-history":[{"count":4,"href":"https:\/\/legouy.fr\/index.php?rest_route=\/wp\/v2\/pages\/436\/revisions"}],"predecessor-version":[{"id":440,"href":"https:\/\/legouy.fr\/index.php?rest_route=\/wp\/v2\/pages\/436\/revisions\/440"}],"wp:attachment":[{"href":"https:\/\/legouy.fr\/index.php?rest_route=%2Fwp%2Fv2%2Fmedia&parent=436"}],"curies":[{"name":"wp","href":"https:\/\/api.w.org\/{rel}","templated":true}]}}