{"id":406,"date":"2020-12-11T15:31:42","date_gmt":"2020-12-11T14:31:42","guid":{"rendered":"http:\/\/legouy.fr\/?page_id=406"},"modified":"2020-12-11T15:32:37","modified_gmt":"2020-12-11T14:32:37","slug":"collection-la-fonderie","status":"publish","type":"page","link":"https:\/\/legouy.fr\/?page_id=406","title":{"rendered":"Collection La Fonderie"},"content":{"rendered":"\t\t<div data-elementor-type=\"wp-page\" data-elementor-id=\"406\" class=\"elementor elementor-406\" data-elementor-settings=\"[]\">\n\t\t\t\t\t\t<div class=\"elementor-inner\">\n\t\t\t\t\t\t\t<div class=\"elementor-section-wrap\">\n\t\t\t\t\t\t\t<section class=\"elementor-section elementor-top-section elementor-element elementor-element-1af32f23 elementor-section-stretched elementor-section-boxed elementor-section-height-default elementor-section-height-default\" data-id=\"1af32f23\" data-element_type=\"section\" data-settings=\"{&quot;stretch_section&quot;:&quot;section-stretched&quot;}\">\n\t\t\t\t\t\t<div class=\"elementor-container elementor-column-gap-default\">\n\t\t\t\t\t\t\t<div class=\"elementor-row\">\n\t\t\t\t\t<div class=\"elementor-column elementor-col-33 elementor-top-column elementor-element elementor-element-6e06a6f\" data-id=\"6e06a6f\" data-element_type=\"column\">\n\t\t\t<div class=\"elementor-column-wrap elementor-element-populated\">\n\t\t\t\t\t\t\t<div class=\"elementor-widget-wrap\">\n\t\t\t\t\t\t<div class=\"elementor-element elementor-element-7155215f elementor-widget elementor-widget-image-gallery\" data-id=\"7155215f\" data-element_type=\"widget\" data-widget_type=\"image-gallery.default\">\n\t\t\t\t<div class=\"elementor-widget-container\">\n\t\t\t\t\t<div class=\"elementor-image-gallery\">\n\t\t\t<div id='gallery-1' class='gallery galleryid-406 gallery-columns-2 gallery-size-thumbnail'><figure class='gallery-item'>\n\t\t\t<div class='gallery-icon landscape'>\n\t\t\t\t<a data-elementor-open-lightbox=\"yes\" data-elementor-lightbox-slideshow=\"7155215f\" data-elementor-lightbox-description=\"La Fonderie Ext\u00e9rieurs 01 - \u0152uvre sur carton bois maroufl\u00e9e sur panneau de bois. Encres et pastels. 50 x 40 x 3,5 cm\" href='https:\/\/legouy.fr\/wp-content\/uploads\/2020\/12\/fonderie1.jpg'><img width=\"150\" height=\"150\" src=\"https:\/\/legouy.fr\/wp-content\/uploads\/2020\/12\/fonderie1-150x150.jpg\" class=\"attachment-thumbnail size-thumbnail\" alt=\"\" loading=\"lazy\" style=\"width:100%;height:76.43%;max-width:1400px;\" \/><\/a>\n\t\t\t<\/div><\/figure><figure class='gallery-item'>\n\t\t\t<div class='gallery-icon portrait'>\n\t\t\t\t<a data-elementor-open-lightbox=\"yes\" data-elementor-lightbox-slideshow=\"7155215f\" data-elementor-lightbox-description=\"La Fonderie Ext\u00e9rieurs 02 - \u0152uvre sur carton bois maroufl\u00e9e sur panneau de bois. Encres et pastels. 40 x 50 x 3,5 cm\" href='https:\/\/legouy.fr\/wp-content\/uploads\/2020\/12\/fonderie2.jpg'><img width=\"150\" height=\"150\" src=\"https:\/\/legouy.fr\/wp-content\/uploads\/2020\/12\/fonderie2-150x150.jpg\" class=\"attachment-thumbnail size-thumbnail\" alt=\"\" loading=\"lazy\" style=\"width:100%;height:133.08%;max-width:1052px;\" \/><\/a>\n\t\t\t<\/div><\/figure><figure class='gallery-item'>\n\t\t\t<div class='gallery-icon portrait'>\n\t\t\t\t<a data-elementor-open-lightbox=\"yes\" data-elementor-lightbox-slideshow=\"7155215f\" data-elementor-lightbox-description=\"La Fonderie Ext\u00e9rieurs 03 - \u0152uvre sur carton bois maroufl\u00e9e sur panneau de bois. Encres et pastels. 40 x 50 x 3,5 cm\" href='https:\/\/legouy.fr\/wp-content\/uploads\/2020\/12\/fonderie3.jpg'><img width=\"150\" height=\"150\" src=\"https:\/\/legouy.fr\/wp-content\/uploads\/2020\/12\/fonderie3-150x150.jpg\" class=\"attachment-thumbnail size-thumbnail\" alt=\"\" loading=\"lazy\" style=\"width:100%;height:131.09%;max-width:1068px;\" \/><\/a>\n\t\t\t<\/div><\/figure><figure class='gallery-item'>\n\t\t\t<div class='gallery-icon landscape'>\n\t\t\t\t<a data-elementor-open-lightbox=\"yes\" data-elementor-lightbox-slideshow=\"7155215f\" data-elementor-lightbox-description=\"Suite Fonderie 06 - \u0152uvre sur papier maroufl\u00e9 sur toile. Encres et huile. 50 x 40 cm.\" href='https:\/\/legouy.fr\/wp-content\/uploads\/2020\/12\/fonderie4.jpg'><img width=\"150\" height=\"150\" src=\"https:\/\/legouy.fr\/wp-content\/uploads\/2020\/12\/fonderie4-150x150.jpg\" class=\"attachment-thumbnail size-thumbnail\" alt=\"\" loading=\"lazy\" style=\"width:100%;height:80.71%;max-width:1400px;\" \/><\/a>\n\t\t\t<\/div><\/figure><figure class='gallery-item'>\n\t\t\t<div class='gallery-icon landscape'>\n\t\t\t\t<a data-elementor-open-lightbox=\"yes\" data-elementor-lightbox-slideshow=\"7155215f\" data-elementor-lightbox-description=\"Suite Fonderie 07 - \u0152uvre sur papier maroufl\u00e9 sur toile. Encres et huile. 50 x 40 cm.\" href='https:\/\/legouy.fr\/wp-content\/uploads\/2020\/12\/fonderie5.jpg'><img width=\"150\" height=\"150\" src=\"https:\/\/legouy.fr\/wp-content\/uploads\/2020\/12\/fonderie5-150x150.jpg\" class=\"attachment-thumbnail size-thumbnail\" alt=\"\" loading=\"lazy\" style=\"width:100%;height:81.57%;max-width:1400px;\" \/><\/a>\n\t\t\t<\/div><\/figure>\n\t\t<\/div>\n\t\t<\/div>\n\t\t\t\t<\/div>\n\t\t\t\t<\/div>\n\t\t\t\t\t\t<\/div>\n\t\t\t\t\t<\/div>\n\t\t<\/div>\n\t\t\t\t<div class=\"elementor-column elementor-col-66 elementor-top-column elementor-element elementor-element-7ca9f839\" data-id=\"7ca9f839\" data-element_type=\"column\">\n\t\t\t<div class=\"elementor-column-wrap elementor-element-populated\">\n\t\t\t\t\t\t\t<div class=\"elementor-widget-wrap\">\n\t\t\t\t\t\t<div class=\"elementor-element elementor-element-2e62bc1c elementor-widget elementor-widget-image\" data-id=\"2e62bc1c\" data-element_type=\"widget\" data-widget_type=\"image.default\">\n\t\t\t\t<div class=\"elementor-widget-container\">\n\t\t\t\t\t<div class=\"elementor-image\">\n\t\t\t\t\t\t\t\t\t\t<img width=\"750\" height=\"573\" src=\"https:\/\/legouy.fr\/wp-content\/uploads\/2020\/12\/fonderie1-1024x783.jpg\" class=\"attachment-large size-large\" alt=\"\" loading=\"lazy\" srcset=\"https:\/\/legouy.fr\/wp-content\/uploads\/2020\/12\/fonderie1-1024x783.jpg 1024w, https:\/\/legouy.fr\/wp-content\/uploads\/2020\/12\/fonderie1-300x229.jpg 300w, https:\/\/legouy.fr\/wp-content\/uploads\/2020\/12\/fonderie1-768x587.jpg 768w, https:\/\/legouy.fr\/wp-content\/uploads\/2020\/12\/fonderie1.jpg 1400w\" sizes=\"(max-width: 750px) 100vw, 750px\" style=\"width:100%;height:76.43%;max-width:1400px;\" \/>\t\t\t\t\t\t\t\t\t\t\t<\/div>\n\t\t\t\t<\/div>\n\t\t\t\t<\/div>\n\t\t\t\t\t\t<\/div>\n\t\t\t\t\t<\/div>\n\t\t<\/div>\n\t\t\t\t\t\t\t\t<\/div>\n\t\t\t\t\t<\/div>\n\t\t<\/section>\n\t\t\t\t\t\t<\/div>\n\t\t\t\t\t\t<\/div>\n\t\t\t\t\t<\/div>\n\t\t","protected":false},"excerpt":{"rendered":"","protected":false},"author":1,"featured_media":0,"parent":0,"menu_order":0,"comment_status":"closed","ping_status":"closed","template":"","meta":[],"_links":{"self":[{"href":"https:\/\/legouy.fr\/index.php?rest_route=\/wp\/v2\/pages\/406"}],"collection":[{"href":"https:\/\/legouy.fr\/index.php?rest_route=\/wp\/v2\/pages"}],"about":[{"href":"https:\/\/legouy.fr\/index.php?rest_route=\/wp\/v2\/types\/page"}],"author":[{"embeddable":true,"href":"https:\/\/legouy.fr\/index.php?rest_route=\/wp\/v2\/users\/1"}],"replies":[{"embeddable":true,"href":"https:\/\/legouy.fr\/index.php?rest_route=%2Fwp%2Fv2%2Fcomments&post=406"}],"version-history":[{"count":4,"href":"https:\/\/legouy.fr\/index.php?rest_route=\/wp\/v2\/pages\/406\/revisions"}],"predecessor-version":[{"id":410,"href":"https:\/\/legouy.fr\/index.php?rest_route=\/wp\/v2\/pages\/406\/revisions\/410"}],"wp:attachment":[{"href":"https:\/\/legouy.fr\/index.php?rest_route=%2Fwp%2Fv2%2Fmedia&parent=406"}],"curies":[{"name":"wp","href":"https:\/\/api.w.org\/{rel}","templated":true}]}}