{"id":399,"date":"2020-12-11T15:29:44","date_gmt":"2020-12-11T14:29:44","guid":{"rendered":"http:\/\/legouy.fr\/?page_id=399"},"modified":"2020-12-11T15:30:39","modified_gmt":"2020-12-11T14:30:39","slug":"collection-arbres","status":"publish","type":"page","link":"https:\/\/legouy.fr\/?page_id=399","title":{"rendered":"Collection Arbres"},"content":{"rendered":"\t\t<div data-elementor-type=\"wp-page\" data-elementor-id=\"399\" class=\"elementor elementor-399\" data-elementor-settings=\"[]\">\n\t\t\t\t\t\t<div class=\"elementor-inner\">\n\t\t\t\t\t\t\t<div class=\"elementor-section-wrap\">\n\t\t\t\t\t\t\t<section class=\"elementor-section elementor-top-section elementor-element elementor-element-48031190 elementor-section-stretched elementor-section-boxed elementor-section-height-default elementor-section-height-default\" data-id=\"48031190\" data-element_type=\"section\" data-settings=\"{&quot;stretch_section&quot;:&quot;section-stretched&quot;}\">\n\t\t\t\t\t\t<div class=\"elementor-container elementor-column-gap-default\">\n\t\t\t\t\t\t\t<div class=\"elementor-row\">\n\t\t\t\t\t<div class=\"elementor-column elementor-col-33 elementor-top-column elementor-element elementor-element-46a846ee\" data-id=\"46a846ee\" data-element_type=\"column\">\n\t\t\t<div class=\"elementor-column-wrap elementor-element-populated\">\n\t\t\t\t\t\t\t<div class=\"elementor-widget-wrap\">\n\t\t\t\t\t\t<div class=\"elementor-element elementor-element-7a21a10d elementor-widget elementor-widget-image-gallery\" data-id=\"7a21a10d\" data-element_type=\"widget\" data-widget_type=\"image-gallery.default\">\n\t\t\t\t<div class=\"elementor-widget-container\">\n\t\t\t\t\t<div class=\"elementor-image-gallery\">\n\t\t\t<div id='gallery-1' class='gallery galleryid-399 gallery-columns-2 gallery-size-thumbnail'><figure class='gallery-item'>\n\t\t\t<div class='gallery-icon landscape'>\n\t\t\t\t<a data-elementor-open-lightbox=\"yes\" data-elementor-lightbox-slideshow=\"7a21a10d\" data-elementor-lightbox-description=\"Ch\u00eane Boissi\u00e8re sur Arbres \u00e0 Rome - 100 x 70 cm x 1,5 cm, \u0152uvre sur papier journal maroufl\u00e9e sur plexiglass, Encres - Cadre ch\u00eane\n\" href='https:\/\/legouy.fr\/wp-content\/uploads\/2020\/12\/arbres1.jpg'><img width=\"150\" height=\"150\" src=\"https:\/\/legouy.fr\/wp-content\/uploads\/2020\/12\/arbres1-150x150.jpg\" class=\"attachment-thumbnail size-thumbnail\" alt=\"\" loading=\"lazy\" style=\"width:100%;height:70.29%;max-width:1400px;\" \/><\/a>\n\t\t\t<\/div><\/figure><figure class='gallery-item'>\n\t\t\t<div class='gallery-icon landscape'>\n\t\t\t\t<a data-elementor-open-lightbox=\"yes\" data-elementor-lightbox-slideshow=\"7a21a10d\" data-elementor-lightbox-description=\"Ch\u00eane Boissi\u00e8re - 52cm x 62 cm, encres et papier journal maroufl\u00e9 sur verre\n\" href='https:\/\/legouy.fr\/wp-content\/uploads\/2020\/12\/arbres2-scaled.jpg'><img width=\"150\" height=\"150\" src=\"https:\/\/legouy.fr\/wp-content\/uploads\/2020\/12\/arbres2-150x150.jpg\" class=\"attachment-thumbnail size-thumbnail\" alt=\"\" loading=\"lazy\" style=\"width:100%;height:83.71%;max-width:2560px;\" \/><\/a>\n\t\t\t<\/div><\/figure><figure class='gallery-item'>\n\t\t\t<div class='gallery-icon landscape'>\n\t\t\t\t<a data-elementor-open-lightbox=\"yes\" data-elementor-lightbox-slideshow=\"7a21a10d\" data-elementor-lightbox-description=\"Ch\u00eane Boissi\u00e8re - 52cm x 62 cm, encres et papier journal maroufl\u00e9 sur verre\n\" href='https:\/\/legouy.fr\/wp-content\/uploads\/2020\/12\/arbres3.jpg'><img width=\"150\" height=\"150\" src=\"https:\/\/legouy.fr\/wp-content\/uploads\/2020\/12\/arbres3-150x150.jpg\" class=\"attachment-thumbnail size-thumbnail\" alt=\"\" loading=\"lazy\" style=\"width:100%;height:84%;max-width:1400px;\" \/><\/a>\n\t\t\t<\/div><\/figure><figure class='gallery-item'>\n\t\t\t<div class='gallery-icon landscape'>\n\t\t\t\t<a data-elementor-open-lightbox=\"yes\" data-elementor-lightbox-slideshow=\"7a21a10d\" data-elementor-lightbox-description=\"Ch\u00eane Boissi\u00e8re 03LM19121972 - 100 x 70 cm x 1,5 cm, \u0152uvre sur papier journal maroufl\u00e9e sur plexiglass, Encres - Cadre ch\u00eane\n\" href='https:\/\/legouy.fr\/wp-content\/uploads\/2020\/12\/arbres4.jpg'><img width=\"150\" height=\"150\" src=\"https:\/\/legouy.fr\/wp-content\/uploads\/2020\/12\/arbres4-150x150.jpg\" class=\"attachment-thumbnail size-thumbnail\" alt=\"\" loading=\"lazy\" style=\"width:100%;height:68.57%;max-width:1400px;\" \/><\/a>\n\t\t\t<\/div><\/figure>\n\t\t<\/div>\n\t\t<\/div>\n\t\t\t\t<\/div>\n\t\t\t\t<\/div>\n\t\t\t\t\t\t<\/div>\n\t\t\t\t\t<\/div>\n\t\t<\/div>\n\t\t\t\t<div class=\"elementor-column elementor-col-66 elementor-top-column elementor-element elementor-element-fb75934\" data-id=\"fb75934\" data-element_type=\"column\">\n\t\t\t<div class=\"elementor-column-wrap elementor-element-populated\">\n\t\t\t\t\t\t\t<div class=\"elementor-widget-wrap\">\n\t\t\t\t\t\t<div class=\"elementor-element elementor-element-6afc1ea5 elementor-widget elementor-widget-image\" data-id=\"6afc1ea5\" data-element_type=\"widget\" data-widget_type=\"image.default\">\n\t\t\t\t<div class=\"elementor-widget-container\">\n\t\t\t\t\t<div class=\"elementor-image\">\n\t\t\t\t\t\t\t\t\t\t<img width=\"750\" height=\"514\" src=\"https:\/\/legouy.fr\/wp-content\/uploads\/2020\/12\/arbres4-1024x702.jpg\" class=\"attachment-large size-large\" alt=\"\" loading=\"lazy\" srcset=\"https:\/\/legouy.fr\/wp-content\/uploads\/2020\/12\/arbres4-1024x702.jpg 1024w, https:\/\/legouy.fr\/wp-content\/uploads\/2020\/12\/arbres4-300x206.jpg 300w, https:\/\/legouy.fr\/wp-content\/uploads\/2020\/12\/arbres4-768x527.jpg 768w, https:\/\/legouy.fr\/wp-content\/uploads\/2020\/12\/arbres4.jpg 1400w\" sizes=\"(max-width: 750px) 100vw, 750px\" style=\"width:100%;height:68.57%;max-width:1400px;\" \/>\t\t\t\t\t\t\t\t\t\t\t<\/div>\n\t\t\t\t<\/div>\n\t\t\t\t<\/div>\n\t\t\t\t\t\t<\/div>\n\t\t\t\t\t<\/div>\n\t\t<\/div>\n\t\t\t\t\t\t\t\t<\/div>\n\t\t\t\t\t<\/div>\n\t\t<\/section>\n\t\t\t\t\t\t<\/div>\n\t\t\t\t\t\t<\/div>\n\t\t\t\t\t<\/div>\n\t\t","protected":false},"excerpt":{"rendered":"","protected":false},"author":1,"featured_media":0,"parent":0,"menu_order":0,"comment_status":"closed","ping_status":"closed","template":"","meta":[],"_links":{"self":[{"href":"https:\/\/legouy.fr\/index.php?rest_route=\/wp\/v2\/pages\/399"}],"collection":[{"href":"https:\/\/legouy.fr\/index.php?rest_route=\/wp\/v2\/pages"}],"about":[{"href":"https:\/\/legouy.fr\/index.php?rest_route=\/wp\/v2\/types\/page"}],"author":[{"embeddable":true,"href":"https:\/\/legouy.fr\/index.php?rest_route=\/wp\/v2\/users\/1"}],"replies":[{"embeddable":true,"href":"https:\/\/legouy.fr\/index.php?rest_route=%2Fwp%2Fv2%2Fcomments&post=399"}],"version-history":[{"count":4,"href":"https:\/\/legouy.fr\/index.php?rest_route=\/wp\/v2\/pages\/399\/revisions"}],"predecessor-version":[{"id":403,"href":"https:\/\/legouy.fr\/index.php?rest_route=\/wp\/v2\/pages\/399\/revisions\/403"}],"wp:attachment":[{"href":"https:\/\/legouy.fr\/index.php?rest_route=%2Fwp%2Fv2%2Fmedia&parent=399"}],"curies":[{"name":"wp","href":"https:\/\/api.w.org\/{rel}","templated":true}]}}