{"id":246,"date":"2020-12-11T09:37:15","date_gmt":"2020-12-11T08:37:15","guid":{"rendered":"http:\/\/legouy.fr\/?page_id=246"},"modified":"2020-12-11T15:52:10","modified_gmt":"2020-12-11T14:52:10","slug":"a-propos-de","status":"publish","type":"page","link":"https:\/\/legouy.fr\/?page_id=246","title":{"rendered":"\u00c0 propos"},"content":{"rendered":"\t\t<div data-elementor-type=\"wp-page\" data-elementor-id=\"246\" class=\"elementor elementor-246\" data-elementor-settings=\"[]\">\n\t\t\t\t\t\t<div class=\"elementor-inner\">\n\t\t\t\t\t\t\t<div class=\"elementor-section-wrap\">\n\t\t\t\t\t\t\t<section class=\"elementor-section elementor-top-section elementor-element elementor-element-e7fdec3 elementor-section-boxed elementor-section-height-default elementor-section-height-default\" data-id=\"e7fdec3\" data-element_type=\"section\">\n\t\t\t\t\t\t<div class=\"elementor-container elementor-column-gap-default\">\n\t\t\t\t\t\t\t<div class=\"elementor-row\">\n\t\t\t\t\t<div class=\"elementor-column elementor-col-100 elementor-top-column elementor-element elementor-element-d66cac3\" data-id=\"d66cac3\" data-element_type=\"column\">\n\t\t\t<div class=\"elementor-column-wrap elementor-element-populated\">\n\t\t\t\t\t\t\t<div class=\"elementor-widget-wrap\">\n\t\t\t\t\t\t<div class=\"elementor-element elementor-element-1750244 elementor-widget elementor-widget-text-editor\" data-id=\"1750244\" data-element_type=\"widget\" data-widget_type=\"text-editor.default\">\n\t\t\t\t<div class=\"elementor-widget-container\">\n\t\t\t\t\t<div class=\"elementor-text-editor elementor-clearfix\"><p><span style=\"color: #333230; font-family: Comfortaa, Verdana, Arial, SunSans-Regular, sans-serif;\">Marion Legouy peint sur les pages du monde. Dipl\u00f4m\u00e9e des Beaux-arts de Paris, elle a gard\u00e9 de sa pratique de graveur l&rsquo;amour du papier qui s&rsquo;impr\u00e8gne d&rsquo;encre . Son enfance pass\u00e9e place de la Bastille a nourrit son go\u00fbt pour les espaces urbains emprunts d&rsquo;histoire et de po\u00e9sie.<\/span><br style=\"color: #333230; font-family: Comfortaa, Verdana, Arial, SunSans-Regular, sans-serif;\" \/><br style=\"color: #333230; font-family: Comfortaa, Verdana, Arial, SunSans-Regular, sans-serif;\" \/><span style=\"color: #333230; font-family: Comfortaa, Verdana, Arial, SunSans-Regular, sans-serif;\">La page d&rsquo;actualit\u00e9s devient peinture, la peinture devient tissage, le tissage devient relief. L&rsquo;artiste fait, d\u00e9fait, revient sur l&rsquo;ouvrage, cr\u00e9e du jour en enlevant \u00e0 la mati\u00e8re. L\u2019\u0153uvre tiss\u00e9e est mise en tension comme la toile ou bien suspendue au gr\u00e9 du vent comme la voile.<\/span><br style=\"color: #333230; font-family: Comfortaa, Verdana, Arial, SunSans-Regular, sans-serif;\" \/><br style=\"color: #333230; font-family: Comfortaa, Verdana, Arial, SunSans-Regular, sans-serif;\" \/><span style=\"color: #333230; font-family: Comfortaa, Verdana, Arial, SunSans-Regular, sans-serif;\">La trame de l\u2019\u0153uvre couvre l&rsquo;actualit\u00e9 et vibre avec les mouvements du monde.<\/span><br style=\"color: #333230; font-family: Comfortaa, Verdana, Arial, SunSans-Regular, sans-serif;\" \/><span style=\"color: #333230; font-family: Comfortaa, Verdana, Arial, SunSans-Regular, sans-serif;\">Les Robes du Monde sont peintes sur un quatre page qui est ensuite finement coup\u00e9 en suivant le sens d&rsquo;une actualit\u00e9 d\u00e9j\u00e0 ancienne. Progressivement le format dispara\u00eet au profit de la robe. Coup\u00e9e, tiss\u00e9e, encoll\u00e9e, suspendue puis mise en bo\u00eete derri\u00e8re un \u00e9cran de plexiglass. Par la gr\u00e2ce de l&rsquo;\u00e9lectricit\u00e9 statique, l&rsquo;oeuvre devient tactile et se met en mouvement quand affleure la main.<\/span><br style=\"color: #333230; font-family: Comfortaa, Verdana, Arial, SunSans-Regular, sans-serif;\" \/><br style=\"color: #333230; font-family: Comfortaa, Verdana, Arial, SunSans-Regular, sans-serif;\" \/><span style=\"color: #333230; font-family: Comfortaa, Verdana, Arial, SunSans-Regular, sans-serif;\">Marion Legouy vit et travaille en r\u00e9gion parisienne. Elle est membre fondateur et actif de\u00a0<\/span><a style=\"color: #333230; border-bottom: 1px dotted; font-family: Comfortaa, Verdana, Arial, SunSans-Regular, sans-serif;\" href=\"http:\/\/la-fonderie.org\/index.html\">La Fonderie<\/a><span style=\"color: #333230; font-family: Comfortaa, Verdana, Arial, SunSans-Regular, sans-serif;\">.<\/span><\/p><\/div>\n\t\t\t\t<\/div>\n\t\t\t\t<\/div>\n\t\t\t\t\t\t<\/div>\n\t\t\t\t\t<\/div>\n\t\t<\/div>\n\t\t\t\t\t\t\t\t<\/div>\n\t\t\t\t\t<\/div>\n\t\t<\/section>\n\t\t\t\t\t\t<\/div>\n\t\t\t\t\t\t<\/div>\n\t\t\t\t\t<\/div>\n\t\t","protected":false},"excerpt":{"rendered":"<p>Marion Legouy peint sur les pages du monde. Dipl\u00f4m\u00e9e des Beaux-arts de Paris, elle a gard\u00e9 de sa pratique de graveur l&rsquo;amour du papier qui s&rsquo;impr\u00e8gne d&rsquo;encre . Son enfance pass\u00e9e place de la Bastille a nourrit son go\u00fbt pour les espaces urbains emprunts d&rsquo;histoire et de po\u00e9sie.La page d&rsquo;actualit\u00e9s devient peinture, la peinture devient&hellip; <a class=\"more-link\" href=\"https:\/\/legouy.fr\/?page_id=246\">Poursuivre la lecture <span class=\"screen-reader-text\">\u00c0 propos<\/span><\/a><\/p>\n","protected":false},"author":1,"featured_media":0,"parent":0,"menu_order":0,"comment_status":"closed","ping_status":"closed","template":"","meta":[],"_links":{"self":[{"href":"https:\/\/legouy.fr\/index.php?rest_route=\/wp\/v2\/pages\/246"}],"collection":[{"href":"https:\/\/legouy.fr\/index.php?rest_route=\/wp\/v2\/pages"}],"about":[{"href":"https:\/\/legouy.fr\/index.php?rest_route=\/wp\/v2\/types\/page"}],"author":[{"embeddable":true,"href":"https:\/\/legouy.fr\/index.php?rest_route=\/wp\/v2\/users\/1"}],"replies":[{"embeddable":true,"href":"https:\/\/legouy.fr\/index.php?rest_route=%2Fwp%2Fv2%2Fcomments&post=246"}],"version-history":[{"count":5,"href":"https:\/\/legouy.fr\/index.php?rest_route=\/wp\/v2\/pages\/246\/revisions"}],"predecessor-version":[{"id":444,"href":"https:\/\/legouy.fr\/index.php?rest_route=\/wp\/v2\/pages\/246\/revisions\/444"}],"wp:attachment":[{"href":"https:\/\/legouy.fr\/index.php?rest_route=%2Fwp%2Fv2%2Fmedia&parent=246"}],"curies":[{"name":"wp","href":"https:\/\/api.w.org\/{rel}","templated":true}]}}